{"id":71,"date":"2021-02-16T03:39:52","date_gmt":"2021-02-16T03:39:52","guid":{"rendered":"https:\/\/encontacto.asefemsa.com\/index.php\/newsletter\/"},"modified":"2021-02-16T03:39:52","modified_gmt":"2021-02-16T03:39:52","slug":"newsletter","status":"publish","type":"page","link":"https:\/\/encontacto.asefemsa.com\/index.php\/newsletter\/","title":{"rendered":"Newsletter"},"content":{"rendered":"<p><div class=\"tnp tnp-subscription\">\n<form method=\"post\" action=\"https:\/\/encontacto.asefemsa.com\/?na=s\">\n\n<input type=\"hidden\" name=\"nr\" value=\"page\"><input type=\"hidden\" name=\"nlang\" value=\"\"><div class=\"tnp-field tnp-field-firstname\"><label for=\"tnp-name\">N\u00famero de c\u00e9dula<\/label>\n<input class=\"tnp-name\" type=\"text\" name=\"nn\" value=\"\"><\/div>\n<div class=\"tnp-field tnp-field-email\"><label for=\"tnp-email\">Correo electr\u00f3nico<\/label>\n<input class=\"tnp-email\" type=\"email\" name=\"ne\" value=\"\" required><\/div>\n<div class=\"tnp-field tnp-field-checkbox tnp-field-list\"><label for=\"nl1\"><input type=\"checkbox\" id=\"nl1\" name=\"nl[]\" value=\"1\" checked>&nbsp;Soy asociado suscripcion<\/label><\/div>\n<div class=\"tnp-field tnp-field-checkbox tnp-field-list\"><label for=\"nl2\"><input type=\"checkbox\" id=\"nl2\" name=\"nl[]\" value=\"2\" checked>&nbsp;No soy asociado suscripcion<\/label><\/div>\n<div class=\"tnp-field tnp-privacy-field\"><label><input type=\"checkbox\" name=\"ny\" required class=\"tnp-privacy\">&nbsp;<a target=\"_blank\" href=\"https:\/\/encontacto.asefemsa.com\/\">Declaro que la condici\u00f3n en ASEFEMSA que se\u00f1al\u00e9 (Asociado o NO Asociado) es ver\u00eddica.<\/a><\/label><\/div><div class=\"tnp-field tnp-field-button\"><input class=\"tnp-submit\" type=\"submit\" value=\"Suscribirse\" >\n<\/div>\n<\/form>\n<\/div>\n<\/p>\n","protected":false},"excerpt":{"rendered":"<a href=\"https:\/\/encontacto.asefemsa.com\/index.php\/newsletter\/\" class=\"more-link\">Leer m\u00e1s<\/a>","protected":false},"author":1,"featured_media":0,"parent":0,"menu_order":0,"comment_status":"closed","ping_status":"closed","template":"","meta":{"footnotes":""},"class_list":["post-71","page","type-page","status-publish","hentry","col-xs-12"],"_links":{"self":[{"href":"https:\/\/encontacto.asefemsa.com\/index.php\/wp-json\/wp\/v2\/pages\/71","targetHints":{"allow":["GET"]}}],"collection":[{"href":"https:\/\/encontacto.asefemsa.com\/index.php\/wp-json\/wp\/v2\/pages"}],"about":[{"href":"https:\/\/encontacto.asefemsa.com\/index.php\/wp-json\/wp\/v2\/types\/page"}],"author":[{"embeddable":true,"href":"https:\/\/encontacto.asefemsa.com\/index.php\/wp-json\/wp\/v2\/users\/1"}],"replies":[{"embeddable":true,"href":"https:\/\/encontacto.asefemsa.com\/index.php\/wp-json\/wp\/v2\/comments?post=71"}],"version-history":[{"count":1,"href":"https:\/\/encontacto.asefemsa.com\/index.php\/wp-json\/wp\/v2\/pages\/71\/revisions"}],"predecessor-version":[{"id":264,"href":"https:\/\/encontacto.asefemsa.com\/index.php\/wp-json\/wp\/v2\/pages\/71\/revisions\/264"}],"wp:attachment":[{"href":"https:\/\/encontacto.asefemsa.com\/index.php\/wp-json\/wp\/v2\/media?parent=71"}],"curies":[{"name":"wp","href":"https:\/\/api.w.org\/{rel}","templated":true}]}}